{"id":233,"date":"2025-05-06T21:22:03","date_gmt":"2025-05-06T19:22:03","guid":{"rendered":"https:\/\/www.dievartis.fr\/?page_id=233"},"modified":"2025-05-06T21:23:04","modified_gmt":"2025-05-06T19:23:04","slug":"mentions-legales","status":"publish","type":"page","link":"https:\/\/www.dievartis.fr\/en\/mentions-legales\/","title":{"rendered":"Mentions l\u00e9gales"},"content":{"rendered":"<div style=\"height:100px\" aria-hidden=\"true\" class=\"wp-block-spacer\"><\/div>\n\n\n\n<h2 class=\"wp-block-heading\">Mentions l\u00e9gales<\/h2>\n\n\n\n<h3 class=\"wp-block-heading\">\u00c9diteur du site<\/h3>\n\n\n\n<p><strong>Dievartis<\/strong><br>Entreprise individuelle \u2013 Artisan<br>3 impasse de l\u2019\u00e9glise, 53370 Champfr\u00e9mont \u2013 France<br>SIRET : 887 790 434 00013<br>Responsable de publication : Christophe Dievart<br>Email : <a>cdievart@dievartis.fr<\/a><\/p>\n\n\n\n<hr class=\"wp-block-separator has-alpha-channel-opacity\"\/>\n\n\n\n<h3 class=\"wp-block-heading\">H\u00e9bergement<\/h3>\n\n\n\n<p><strong>OVH SAS<\/strong><br>2 rue Kellermann \u2013 59100 Roubaix \u2013 France<br>Site : <a class=\"\" href=\"http:\/\/www.ovh.com\" target=\"_blank\" rel=\"noopener\">www.ovh.com<\/a><\/p>\n\n\n\n<hr class=\"wp-block-separator has-alpha-channel-opacity\"\/>\n\n\n\n<h3 class=\"wp-block-heading\">Propri\u00e9t\u00e9 intellectuelle<\/h3>\n\n\n\n<p>L\u2019ensemble du contenu de ce site (textes, images, photos, graphismes, logo, vid\u00e9os, etc.) est la propri\u00e9t\u00e9 exclusive de Dievartis, sauf mention contraire.<br>Toute reproduction, diffusion, modification ou publication, m\u00eame partielle, est strictement interdite sans autorisation \u00e9crite pr\u00e9alable, conform\u00e9ment aux articles L.111-1 et suivants du Code de la propri\u00e9t\u00e9 intellectuelle.<\/p>\n\n\n\n<hr class=\"wp-block-separator has-alpha-channel-opacity\"\/>\n\n\n\n<h3 class=\"wp-block-heading\">Donn\u00e9es personnelles<\/h3>\n\n\n\n<p>Ce site ne collecte aucune donn\u00e9e personnelle, et ne comporte ni formulaire de contact, ni zone de d\u00e9p\u00f4t d\u2019information utilisateur.<br>Pour toute demande ou prise de contact, merci d\u2019\u00e9crire directement \u00e0 : <a>cdievart@dievartis.fr<\/a><\/p>\n\n\n\n<hr class=\"wp-block-separator has-alpha-channel-opacity\"\/>\n\n\n\n<h3 class=\"wp-block-heading\">Cookies<\/h3>\n\n\n\n<p>Ce site est un site vitrine informatif. Il peut utiliser des cookies techniques n\u00e9cessaires \u00e0 son fonctionnement. Aucun cookie de suivi ou de mesure d\u2019audience n\u2019est install\u00e9 sans votre consentement explicite.<\/p>\n\n\n\n<hr class=\"wp-block-separator has-alpha-channel-opacity\"\/>\n\n\n\n<h3 class=\"wp-block-heading\">Droit applicable<\/h3>\n\n\n\n<p>Le pr\u00e9sent site est r\u00e9gi par le droit fran\u00e7ais.<br>Tout litige relatif \u00e0 son utilisation est soumis aux juridictions comp\u00e9tentes du ressort de la Cour d\u2019appel de Caen.<\/p>","protected":false},"excerpt":{"rendered":"<p>Mentions l\u00e9gales \u00c9diteur du site DievartisEntreprise individuelle \u2013 Artisan3 impasse de l\u2019\u00e9glise, 53370 Champfr\u00e9mont \u2013 FranceSIRET : 887 790 434 00013Responsable de publication : Christophe DievartEmail : cdievart@dievartis.fr H\u00e9bergement OVH SAS2 rue Kellermann \u2013 59100 Roubaix \u2013 FranceSite : www.ovh.com Propri\u00e9t\u00e9 intellectuelle L\u2019ensemble du contenu de ce site (textes, images, photos, graphismes, logo, vid\u00e9os, etc.) [&hellip;]<\/p>\n","protected":false},"author":3,"featured_media":0,"parent":0,"menu_order":0,"comment_status":"closed","ping_status":"closed","template":"","meta":{"footnotes":""},"class_list":["post-233","page","type-page","status-publish","hentry"],"blocksy_meta":[],"_links":{"self":[{"href":"https:\/\/www.dievartis.fr\/en\/wp-json\/wp\/v2\/pages\/233","targetHints":{"allow":["GET"]}}],"collection":[{"href":"https:\/\/www.dievartis.fr\/en\/wp-json\/wp\/v2\/pages"}],"about":[{"href":"https:\/\/www.dievartis.fr\/en\/wp-json\/wp\/v2\/types\/page"}],"author":[{"embeddable":true,"href":"https:\/\/www.dievartis.fr\/en\/wp-json\/wp\/v2\/users\/3"}],"replies":[{"embeddable":true,"href":"https:\/\/www.dievartis.fr\/en\/wp-json\/wp\/v2\/comments?post=233"}],"version-history":[{"count":2,"href":"https:\/\/www.dievartis.fr\/en\/wp-json\/wp\/v2\/pages\/233\/revisions"}],"predecessor-version":[{"id":236,"href":"https:\/\/www.dievartis.fr\/en\/wp-json\/wp\/v2\/pages\/233\/revisions\/236"}],"wp:attachment":[{"href":"https:\/\/www.dievartis.fr\/en\/wp-json\/wp\/v2\/media?parent=233"}],"curies":[{"name":"wp","href":"https:\/\/api.w.org\/{rel}","templated":true}]}}