{"id":15,"date":"2025-05-03T19:08:08","date_gmt":"2025-05-03T17:08:08","guid":{"rendered":"https:\/\/www.dievartis.fr\/?page_id=15"},"modified":"2025-06-05T02:19:15","modified_gmt":"2025-06-05T00:19:15","slug":"accueil","status":"publish","type":"page","link":"https:\/\/www.dievartis.fr\/en\/","title":{"rendered":"Home"},"content":{"rendered":"<div class=\"wp-block-cover alignfull\" style=\"min-height:100vh;aspect-ratio:unset;\"><img loading=\"lazy\" decoding=\"async\" width=\"1024\" height=\"775\" class=\"wp-block-cover__image-background wp-image-64 size-large\" alt=\"Salon au style baroque avec ornements dor\u00e9s et rouges\" src=\"https:\/\/www.dievartis.fr\/wp-content\/uploads\/2025\/05\/salon-style-baroque-ornement-or-rouge-1024x775.webp\" data-object-fit=\"cover\" srcset=\"https:\/\/www.dievartis.fr\/wp-content\/uploads\/2025\/05\/salon-style-baroque-ornement-or-rouge-1024x775.webp 1024w, https:\/\/www.dievartis.fr\/wp-content\/uploads\/2025\/05\/salon-style-baroque-ornement-or-rouge-300x227.webp 300w, https:\/\/www.dievartis.fr\/wp-content\/uploads\/2025\/05\/salon-style-baroque-ornement-or-rouge-768x581.webp 768w, https:\/\/www.dievartis.fr\/wp-content\/uploads\/2025\/05\/salon-style-baroque-ornement-or-rouge-1536x1162.webp 1536w, https:\/\/www.dievartis.fr\/wp-content\/uploads\/2025\/05\/salon-style-baroque-ornement-or-rouge-2048x1550.webp 2048w\" sizes=\"auto, (max-width: 1024px) 100vw, 1024px\" \/><span aria-hidden=\"true\" class=\"wp-block-cover__background has-palette-color-1-background-color has-background-dim\"><\/span><div class=\"wp-block-cover__inner-container is-layout-constrained wp-block-cover-is-layout-constrained\">\n<h1 class=\"wp-block-heading has-text-align-center\" style=\"font-size: 10vw; color: var(--theme-palette-color-5); line-height: 0.2;\">DIEVARTIS<\/h1>\n\n\n\n<h1 class=\"wp-block-heading has-text-align-center\" style=\"font-size: 5vw; color: var(--theme-palette-color-5); line-height: 0.2;\">from art to living<\/h1>\n<\/div><\/div>\n\n\n\n<div class=\"wp-block-columns is-layout-flex wp-container-core-columns-is-layout-28f84493 wp-block-columns-is-layout-flex\">\n<div class=\"wp-block-column has-palette-color-8-background-color has-background is-layout-flow wp-block-column-is-layout-flow\">\n<h2 class=\"wp-block-heading has-text-align-center\">Carpentry<\/h2>\n\n\n\n<figure class=\"wp-block-image size-full\"><img loading=\"lazy\" decoding=\"async\" width=\"1024\" height=\"1024\" src=\"https:\/\/www.dievartis.fr\/wp-content\/uploads\/2025\/05\/Christophe_menuiserie_carre_rogne.webp\" alt=\"\" class=\"wp-image-367\" srcset=\"https:\/\/www.dievartis.fr\/wp-content\/uploads\/2025\/05\/Christophe_menuiserie_carre_rogne.webp 1024w, https:\/\/www.dievartis.fr\/wp-content\/uploads\/2025\/05\/Christophe_menuiserie_carre_rogne-300x300.webp 300w, https:\/\/www.dievartis.fr\/wp-content\/uploads\/2025\/05\/Christophe_menuiserie_carre_rogne-150x150.webp 150w, https:\/\/www.dievartis.fr\/wp-content\/uploads\/2025\/05\/Christophe_menuiserie_carre_rogne-768x768.webp 768w\" sizes=\"auto, (max-width: 1024px) 100vw, 1024px\" \/><\/figure>\n<\/div>\n\n\n\n<div class=\"wp-block-column has-palette-color-8-background-color has-background is-layout-flow wp-block-column-is-layout-flow\">\n<h2 class=\"wp-block-heading has-text-align-center\">Plasterwork<\/h2>\n\n\n\n<figure class=\"wp-block-image size-full\"><img loading=\"lazy\" decoding=\"async\" width=\"1024\" height=\"1024\" src=\"https:\/\/www.dievartis.fr\/wp-content\/uploads\/2025\/05\/2f05eef8-2952-422c-9829-8f9ad7b59d67.webp\" alt=\"\" class=\"wp-image-368\" srcset=\"https:\/\/www.dievartis.fr\/wp-content\/uploads\/2025\/05\/2f05eef8-2952-422c-9829-8f9ad7b59d67.webp 1024w, https:\/\/www.dievartis.fr\/wp-content\/uploads\/2025\/05\/2f05eef8-2952-422c-9829-8f9ad7b59d67-300x300.webp 300w, https:\/\/www.dievartis.fr\/wp-content\/uploads\/2025\/05\/2f05eef8-2952-422c-9829-8f9ad7b59d67-150x150.webp 150w, https:\/\/www.dievartis.fr\/wp-content\/uploads\/2025\/05\/2f05eef8-2952-422c-9829-8f9ad7b59d67-768x768.webp 768w\" sizes=\"auto, (max-width: 1024px) 100vw, 1024px\" \/><\/figure>\n<\/div>\n\n\n\n<div class=\"wp-block-column has-palette-color-8-background-color has-background is-layout-flow wp-block-column-is-layout-flow\">\n<h2 class=\"wp-block-heading has-text-align-center\">Painting<\/h2>\n\n\n\n<figure class=\"wp-block-image size-full\"><img loading=\"lazy\" decoding=\"async\" width=\"1024\" height=\"1024\" src=\"https:\/\/www.dievartis.fr\/wp-content\/uploads\/2025\/05\/7f7879b9-4f1c-4691-8577-1e466abb9c2a.webp\" alt=\"\" class=\"wp-image-369\" srcset=\"https:\/\/www.dievartis.fr\/wp-content\/uploads\/2025\/05\/7f7879b9-4f1c-4691-8577-1e466abb9c2a.webp 1024w, https:\/\/www.dievartis.fr\/wp-content\/uploads\/2025\/05\/7f7879b9-4f1c-4691-8577-1e466abb9c2a-300x300.webp 300w, https:\/\/www.dievartis.fr\/wp-content\/uploads\/2025\/05\/7f7879b9-4f1c-4691-8577-1e466abb9c2a-150x150.webp 150w, https:\/\/www.dievartis.fr\/wp-content\/uploads\/2025\/05\/7f7879b9-4f1c-4691-8577-1e466abb9c2a-768x768.webp 768w\" sizes=\"auto, (max-width: 1024px) 100vw, 1024px\" \/><\/figure>\n<\/div>\n\n\n\n<div class=\"wp-block-column has-palette-color-8-background-color has-background is-layout-flow wp-block-column-is-layout-flow\">\n<h2 class=\"wp-block-heading has-text-align-center\">design<\/h2>\n\n\n\n<figure class=\"wp-block-image size-large\"><img loading=\"lazy\" decoding=\"async\" width=\"683\" height=\"1024\" src=\"https:\/\/www.dievartis.fr\/wp-content\/uploads\/2025\/05\/831dad76-d14d-401f-a16d-b021ebbbe6b0-683x1024.webp\" alt=\"\" class=\"wp-image-370\" style=\"aspect-ratio:1;object-fit:cover\" srcset=\"https:\/\/www.dievartis.fr\/wp-content\/uploads\/2025\/05\/831dad76-d14d-401f-a16d-b021ebbbe6b0-683x1024.webp 683w, https:\/\/www.dievartis.fr\/wp-content\/uploads\/2025\/05\/831dad76-d14d-401f-a16d-b021ebbbe6b0-200x300.webp 200w, https:\/\/www.dievartis.fr\/wp-content\/uploads\/2025\/05\/831dad76-d14d-401f-a16d-b021ebbbe6b0-768x1152.webp 768w, https:\/\/www.dievartis.fr\/wp-content\/uploads\/2025\/05\/831dad76-d14d-401f-a16d-b021ebbbe6b0.webp 1024w\" sizes=\"auto, (max-width: 683px) 100vw, 683px\" \/><\/figure>\n<\/div>\n<\/div>\n\n\n\n<h5 class=\"wp-block-heading\">A home designed for you, crafted with care and precision.<\/h5>\n\n\n\n<p>Chez Dievartis, chaque projet commence par une \u00e9coute attentive et une vision sur-mesure. <strong>Nos r\u00e9novations d\u2019int\u00e9rieurs Dievartis<\/strong> s\u2019inscrivent dans cette d\u00e9marche : concevoir des espaces durables, esth\u00e9tiques et fonctionnels, qui racontent votre histoire et s\u2019adaptent \u00e0 votre mode de vie.<\/p>\n\n\n\n<p>Thanks to our expertise in carpentry, plasterwork, and painting, we transform every space with precision \u2014 highlighting light, materials, and volumes.<br>Our projects combine traditional craftsmanship, proven technical solutions, and personalized design \u2014 for a harmonious interior, crafted down to the finest detail.<\/p>\n\n\n\n<p><\/p>","protected":false},"excerpt":{"rendered":"<p>R\u00e9novation int\u00e9rieur Dievartis | Cr\u00e9ation d\u2019espaces sur mesure<\/p>","protected":false},"author":3,"featured_media":0,"parent":0,"menu_order":0,"comment_status":"closed","ping_status":"closed","template":"","meta":{"footnotes":""},"class_list":["post-15","page","type-page","status-publish","hentry"],"blocksy_meta":[],"_links":{"self":[{"href":"https:\/\/www.dievartis.fr\/en\/wp-json\/wp\/v2\/pages\/15","targetHints":{"allow":["GET"]}}],"collection":[{"href":"https:\/\/www.dievartis.fr\/en\/wp-json\/wp\/v2\/pages"}],"about":[{"href":"https:\/\/www.dievartis.fr\/en\/wp-json\/wp\/v2\/types\/page"}],"author":[{"embeddable":true,"href":"https:\/\/www.dievartis.fr\/en\/wp-json\/wp\/v2\/users\/3"}],"replies":[{"embeddable":true,"href":"https:\/\/www.dievartis.fr\/en\/wp-json\/wp\/v2\/comments?post=15"}],"version-history":[{"count":42,"href":"https:\/\/www.dievartis.fr\/en\/wp-json\/wp\/v2\/pages\/15\/revisions"}],"predecessor-version":[{"id":401,"href":"https:\/\/www.dievartis.fr\/en\/wp-json\/wp\/v2\/pages\/15\/revisions\/401"}],"wp:attachment":[{"href":"https:\/\/www.dievartis.fr\/en\/wp-json\/wp\/v2\/media?parent=15"}],"curies":[{"name":"wp","href":"https:\/\/api.w.org\/{rel}","templated":true}]}}